{"id":7762,"date":"2025-12-09T16:36:06","date_gmt":"2025-12-09T15:36:06","guid":{"rendered":"https:\/\/fcssystem.com\/?page_id=7762"},"modified":"2025-12-11T09:05:37","modified_gmt":"2025-12-11T08:05:37","slug":"fordern-sie-allgemeine-informationen","status":"publish","type":"page","link":"https:\/\/fcssystem.com\/de\/kontakte\/fordern-sie-allgemeine-informationen\/","title":{"rendered":"Fordern Sie allgemeine Informationen"},"content":{"rendered":"\t\t<div data-elementor-type=\"wp-page\" data-elementor-id=\"7762\" class=\"elementor elementor-7762 elementor-7761\" data-elementor-post-type=\"page\">\n\t\t\t\t<div class=\"elementor-element elementor-element-01f7abd e-con-full e-flex elementor-invisible e-con e-parent\" data-id=\"01f7abd\" data-element_type=\"container\" data-settings=\"{&quot;background_background&quot;:&quot;slideshow&quot;,&quot;background_slideshow_gallery&quot;:[{&quot;id&quot;:636,&quot;url&quot;:&quot;https:\\\/\\\/fcssystem.com\\\/wp-content\\\/uploads\\\/2025\\\/03\\\/Place-Your-Image-Here-1-scaled.jpg&quot;}],&quot;animation&quot;:&quot;fadeIn&quot;,&quot;background_slideshow_loop&quot;:&quot;yes&quot;,&quot;background_slideshow_slide_duration&quot;:5000,&quot;background_slideshow_slide_transition&quot;:&quot;fade&quot;,&quot;background_slideshow_transition_duration&quot;:500}\">\n\t\t\t\t<div class=\"elementor-element elementor-element-56b9c0f elementor-widget__width-inherit elementor-absolute header-title elementor-invisible elementor-widget elementor-widget-heading\" data-id=\"56b9c0f\" data-element_type=\"widget\" data-settings=\"{&quot;_position&quot;:&quot;absolute&quot;,&quot;_animation&quot;:&quot;fadeIn&quot;}\" data-widget_type=\"heading.default\">\n\t\t\t\t<div class=\"elementor-widget-container\">\n\t\t\t\t\t<h3 class=\"elementor-heading-title elementor-size-default\">Kontakte<\/h3>\t\t\t\t<\/div>\n\t\t\t\t<\/div>\n\t\t\t\t<\/div>\n\t\t<div class=\"elementor-element elementor-element-3aaf666 e-grid e-con-boxed elementor-invisible e-con e-parent\" data-id=\"3aaf666\" data-element_type=\"container\" data-settings=\"{&quot;animation&quot;:&quot;fadeIn&quot;}\">\n\t\t\t\t\t<div class=\"e-con-inner\">\n\t\t\t\t<div class=\"elementor-element elementor-element-9dd6303 elementor-hidden-mobile elementor-hidden-tablet elementor-widget elementor-widget-spacer\" data-id=\"9dd6303\" data-element_type=\"widget\" data-widget_type=\"spacer.default\">\n\t\t\t\t<div class=\"elementor-widget-container\">\n\t\t\t\t\t\t\t<div class=\"elementor-spacer\">\n\t\t\t<div class=\"elementor-spacer-inner\"><\/div>\n\t\t<\/div>\n\t\t\t\t\t\t<\/div>\n\t\t\t\t<\/div>\n\t\t\t\t<div class=\"elementor-element elementor-element-333ffd0 elementor-widget elementor-widget-heading\" data-id=\"333ffd0\" data-element_type=\"widget\" data-widget_type=\"heading.default\">\n\t\t\t\t<div class=\"elementor-widget-container\">\n\t\t\t\t\t<h1 class=\"elementor-heading-title elementor-size-default\">Kontakt aufnehmen<\/h1>\t\t\t\t<\/div>\n\t\t\t\t<\/div>\n\t\t\t\t\t<\/div>\n\t\t\t\t<\/div>\n\t\t<div class=\"elementor-element elementor-element-177a359 e-grid e-con-boxed elementor-invisible e-con e-parent\" data-id=\"177a359\" data-element_type=\"container\" data-settings=\"{&quot;animation&quot;:&quot;fadeIn&quot;}\">\n\t\t\t\t\t<div class=\"e-con-inner\">\n\t\t\t\t<div class=\"elementor-element elementor-element-f8e5280 elementor-hidden-mobile elementor-hidden-tablet elementor-widget elementor-widget-spacer\" data-id=\"f8e5280\" data-element_type=\"widget\" data-widget_type=\"spacer.default\">\n\t\t\t\t<div class=\"elementor-widget-container\">\n\t\t\t\t\t\t\t<div class=\"elementor-spacer\">\n\t\t\t<div class=\"elementor-spacer-inner\"><\/div>\n\t\t<\/div>\n\t\t\t\t\t\t<\/div>\n\t\t\t\t<\/div>\n\t\t\t\t<div class=\"elementor-element elementor-element-2f54ebb elementor-widget elementor-widget-text-editor\" data-id=\"2f54ebb\" data-element_type=\"widget\" data-widget_type=\"text-editor.default\">\n\t\t\t\t<div class=\"elementor-widget-container\">\n\t\t\t\t\t\t\t\t\t<p>Nehmen Sie Kontakt mit uns auf oder senden Sie uns eine Nachricht \u00fcber das Kontaktformular. Wir bieten Ihnen gerne eine fachkundige Beratung per Telefon, Videoanruf oder bei einem pers\u00f6nlichen Treffen bei Ihnen oder bei uns vor Ort. <\/p>\t\t\t\t\t\t\t\t<\/div>\n\t\t\t\t<\/div>\n\t\t\t\t\t<\/div>\n\t\t\t\t<\/div>\n\t\t<div class=\"elementor-element elementor-element-c33f664 e-grid e-con-boxed elementor-invisible e-con e-parent\" data-id=\"c33f664\" data-element_type=\"container\" data-settings=\"{&quot;animation&quot;:&quot;fadeIn&quot;}\">\n\t\t\t\t\t<div class=\"e-con-inner\">\n\t\t\t\t<div class=\"elementor-element elementor-element-a1efc3a elementor-hidden-mobile elementor-widget elementor-widget-spacer\" data-id=\"a1efc3a\" data-element_type=\"widget\" data-widget_type=\"spacer.default\">\n\t\t\t\t<div class=\"elementor-widget-container\">\n\t\t\t\t\t\t\t<div class=\"elementor-spacer\">\n\t\t\t<div class=\"elementor-spacer-inner\"><\/div>\n\t\t<\/div>\n\t\t\t\t\t\t<\/div>\n\t\t\t\t<\/div>\n\t\t\t\t<div class=\"elementor-element elementor-element-6048875 elementor-widget elementor-widget-shortcode\" data-id=\"6048875\" data-element_type=\"widget\" data-widget_type=\"shortcode.default\">\n\t\t\t\t<div class=\"elementor-widget-container\">\n\t\t\t\t\t\t\t<div class=\"elementor-shortcode\"><script charset=\"utf-8\" type=\"text\/javascript\" src=\"\/\/js-eu1.hsforms.net\/forms\/embed\/v2.js\"><\/script><script>\n            hbspt.forms.create({\n                portalId: '143934098',\n                formId: '6c9af44a-513b-4a59-b083-b31391f1d725',\n                region: 'eu1'\n            });\n        <\/script><\/div>\n\t\t\t\t\t\t<\/div>\n\t\t\t\t<\/div>\n\t\t\t\t\t<\/div>\n\t\t\t\t<\/div>\n\t\t\t\t<\/div>\n\t\t","protected":false},"excerpt":{"rendered":"<p>Kontakte Kontakt aufnehmen Nehmen Sie Kontakt mit uns auf oder senden Sie uns eine Nachricht \u00fcber das Kontaktformular. Wir bieten Ihnen gerne eine fachkundige Beratung per Telefon, Videoanruf oder bei einem pers\u00f6nlichen Treffen bei Ihnen oder bei uns vor Ort.<\/p>\n","protected":false},"author":1,"featured_media":0,"parent":6569,"menu_order":0,"comment_status":"closed","ping_status":"closed","template":"","meta":{"footnotes":""},"class_list":["post-7762","page","type-page","status-publish","hentry"],"yoast_head":"<!-- This site is optimized with the Yoast SEO plugin v27.3 - https:\/\/yoast.com\/product\/yoast-seo-wordpress\/ -->\n<title>FCS-System \u2013 Kontaktieren Sie uns<\/title>\n<meta name=\"description\" content=\"Sie haben ein Projekt zu bew\u00e4ltigen? Haben Sie ein Projekt, das Sie angehen m\u00f6chten? Bitte kontaktieren Sie uns oder vereinbaren Sie einen Termin. Gemeinsam finden wir die perfekte L\u00f6sung, die auf Ihre Bed\u00fcrfnisse zugeschnitten ist!\" \/>\n<meta name=\"robots\" content=\"index, follow, max-snippet:-1, max-image-preview:large, max-video-preview:-1\" \/>\n<link rel=\"canonical\" href=\"https:\/\/fcssystem.com\/de\/kontakte\/fordern-sie-allgemeine-informationen\/\" \/>\n<meta property=\"og:locale\" content=\"de_DE\" \/>\n<meta property=\"og:type\" content=\"article\" \/>\n<meta property=\"og:title\" content=\"FCS-System \u2013 Kontaktieren Sie uns\" \/>\n<meta property=\"og:description\" content=\"Sie haben ein Projekt zu bew\u00e4ltigen? Haben Sie ein Projekt, das Sie angehen m\u00f6chten? Bitte kontaktieren Sie uns oder vereinbaren Sie einen Termin. Gemeinsam finden wir die perfekte L\u00f6sung, die auf Ihre Bed\u00fcrfnisse zugeschnitten ist!\" \/>\n<meta property=\"og:url\" content=\"https:\/\/fcssystem.com\/de\/kontakte\/fordern-sie-allgemeine-informationen\/\" \/>\n<meta property=\"og:site_name\" content=\"FCS System\" \/>\n<meta property=\"article:publisher\" content=\"https:\/\/www.facebook.com\/fcssystem\" \/>\n<meta property=\"article:modified_time\" content=\"2025-12-11T08:05:37+00:00\" \/>\n<meta property=\"og:image\" content=\"https:\/\/fcssystem.com\/wp-content\/uploads\/2025\/05\/Adjustable.jpg\" \/>\n\t<meta property=\"og:image:width\" content=\"1141\" \/>\n\t<meta property=\"og:image:height\" content=\"700\" \/>\n\t<meta property=\"og:image:type\" content=\"image\/jpeg\" \/>\n<meta name=\"twitter:card\" content=\"summary_large_image\" \/>\n<script type=\"application\/ld+json\" class=\"yoast-schema-graph\">{\"@context\":\"https:\\\/\\\/schema.org\",\"@graph\":[{\"@type\":\"WebPage\",\"@id\":\"https:\\\/\\\/fcssystem.com\\\/de\\\/kontakte\\\/fordern-sie-allgemeine-informationen\\\/\",\"url\":\"https:\\\/\\\/fcssystem.com\\\/de\\\/kontakte\\\/fordern-sie-allgemeine-informationen\\\/\",\"name\":\"FCS-System \u2013 Kontaktieren Sie uns\",\"isPartOf\":{\"@id\":\"https:\\\/\\\/fcssystem.com\\\/de\\\/#website\"},\"datePublished\":\"2025-12-09T15:36:06+00:00\",\"dateModified\":\"2025-12-11T08:05:37+00:00\",\"description\":\"Sie haben ein Projekt zu bew\u00e4ltigen? Haben Sie ein Projekt, das Sie angehen m\u00f6chten? Bitte kontaktieren Sie uns oder vereinbaren Sie einen Termin. Gemeinsam finden wir die perfekte L\u00f6sung, die auf Ihre Bed\u00fcrfnisse zugeschnitten ist!\",\"breadcrumb\":{\"@id\":\"https:\\\/\\\/fcssystem.com\\\/de\\\/kontakte\\\/fordern-sie-allgemeine-informationen\\\/#breadcrumb\"},\"inLanguage\":\"de\",\"potentialAction\":[{\"@type\":\"ReadAction\",\"target\":[\"https:\\\/\\\/fcssystem.com\\\/de\\\/kontakte\\\/fordern-sie-allgemeine-informationen\\\/\"]}]},{\"@type\":\"BreadcrumbList\",\"@id\":\"https:\\\/\\\/fcssystem.com\\\/de\\\/kontakte\\\/fordern-sie-allgemeine-informationen\\\/#breadcrumb\",\"itemListElement\":[{\"@type\":\"ListItem\",\"position\":1,\"name\":\"Home\",\"item\":\"https:\\\/\\\/fcssystem.com\\\/de\\\/home-2\\\/\"},{\"@type\":\"ListItem\",\"position\":2,\"name\":\"Kontakte\",\"item\":\"https:\\\/\\\/fcssystem.com\\\/de\\\/contacts\\\/\"},{\"@type\":\"ListItem\",\"position\":3,\"name\":\"Fordern Sie allgemeine Informationen\"}]},{\"@type\":\"WebSite\",\"@id\":\"https:\\\/\\\/fcssystem.com\\\/de\\\/#website\",\"url\":\"https:\\\/\\\/fcssystem.com\\\/de\\\/\",\"name\":\"FCS System\",\"description\":\"\",\"publisher\":{\"@id\":\"https:\\\/\\\/fcssystem.com\\\/de\\\/#organization\"},\"alternateName\":\"Flexible Clamping Solutions\",\"potentialAction\":[{\"@type\":\"SearchAction\",\"target\":{\"@type\":\"EntryPoint\",\"urlTemplate\":\"https:\\\/\\\/fcssystem.com\\\/de\\\/?s={search_term_string}\"},\"query-input\":{\"@type\":\"PropertyValueSpecification\",\"valueRequired\":true,\"valueName\":\"search_term_string\"}}],\"inLanguage\":\"de\"},{\"@type\":\"Organization\",\"@id\":\"https:\\\/\\\/fcssystem.com\\\/de\\\/#organization\",\"name\":\"FCS System\",\"url\":\"https:\\\/\\\/fcssystem.com\\\/de\\\/\",\"logo\":{\"@type\":\"ImageObject\",\"inLanguage\":\"de\",\"@id\":\"https:\\\/\\\/fcssystem.com\\\/de\\\/#\\\/schema\\\/logo\\\/image\\\/\",\"url\":\"https:\\\/\\\/fcssystem.com\\\/wp-content\\\/uploads\\\/2025\\\/01\\\/fcssystem-logo.png\",\"contentUrl\":\"https:\\\/\\\/fcssystem.com\\\/wp-content\\\/uploads\\\/2025\\\/01\\\/fcssystem-logo.png\",\"width\":190,\"height\":83,\"caption\":\"FCS System\"},\"image\":{\"@id\":\"https:\\\/\\\/fcssystem.com\\\/de\\\/#\\\/schema\\\/logo\\\/image\\\/\"},\"sameAs\":[\"https:\\\/\\\/www.facebook.com\\\/fcssystem\",\"https:\\\/\\\/www.youtube.com\\\/user\\\/FCSSYSTEM\",\"https:\\\/\\\/www.linkedin.com\\\/company\\\/fcs-system\\\/\"]}]}<\/script>\n<!-- \/ Yoast SEO plugin. -->","yoast_head_json":{"title":"FCS-System \u2013 Kontaktieren Sie uns","description":"Sie haben ein Projekt zu bew\u00e4ltigen? Haben Sie ein Projekt, das Sie angehen m\u00f6chten? Bitte kontaktieren Sie uns oder vereinbaren Sie einen Termin. Gemeinsam finden wir die perfekte L\u00f6sung, die auf Ihre Bed\u00fcrfnisse zugeschnitten ist!","robots":{"index":"index","follow":"follow","max-snippet":"max-snippet:-1","max-image-preview":"max-image-preview:large","max-video-preview":"max-video-preview:-1"},"canonical":"https:\/\/fcssystem.com\/de\/kontakte\/fordern-sie-allgemeine-informationen\/","og_locale":"de_DE","og_type":"article","og_title":"FCS-System \u2013 Kontaktieren Sie uns","og_description":"Sie haben ein Projekt zu bew\u00e4ltigen? Haben Sie ein Projekt, das Sie angehen m\u00f6chten? Bitte kontaktieren Sie uns oder vereinbaren Sie einen Termin. Gemeinsam finden wir die perfekte L\u00f6sung, die auf Ihre Bed\u00fcrfnisse zugeschnitten ist!","og_url":"https:\/\/fcssystem.com\/de\/kontakte\/fordern-sie-allgemeine-informationen\/","og_site_name":"FCS System","article_publisher":"https:\/\/www.facebook.com\/fcssystem","article_modified_time":"2025-12-11T08:05:37+00:00","og_image":[{"width":1141,"height":700,"url":"https:\/\/fcssystem.com\/wp-content\/uploads\/2025\/05\/Adjustable.jpg","type":"image\/jpeg"}],"twitter_card":"summary_large_image","schema":{"@context":"https:\/\/schema.org","@graph":[{"@type":"WebPage","@id":"https:\/\/fcssystem.com\/de\/kontakte\/fordern-sie-allgemeine-informationen\/","url":"https:\/\/fcssystem.com\/de\/kontakte\/fordern-sie-allgemeine-informationen\/","name":"FCS-System \u2013 Kontaktieren Sie uns","isPartOf":{"@id":"https:\/\/fcssystem.com\/de\/#website"},"datePublished":"2025-12-09T15:36:06+00:00","dateModified":"2025-12-11T08:05:37+00:00","description":"Sie haben ein Projekt zu bew\u00e4ltigen? Haben Sie ein Projekt, das Sie angehen m\u00f6chten? Bitte kontaktieren Sie uns oder vereinbaren Sie einen Termin. Gemeinsam finden wir die perfekte L\u00f6sung, die auf Ihre Bed\u00fcrfnisse zugeschnitten ist!","breadcrumb":{"@id":"https:\/\/fcssystem.com\/de\/kontakte\/fordern-sie-allgemeine-informationen\/#breadcrumb"},"inLanguage":"de","potentialAction":[{"@type":"ReadAction","target":["https:\/\/fcssystem.com\/de\/kontakte\/fordern-sie-allgemeine-informationen\/"]}]},{"@type":"BreadcrumbList","@id":"https:\/\/fcssystem.com\/de\/kontakte\/fordern-sie-allgemeine-informationen\/#breadcrumb","itemListElement":[{"@type":"ListItem","position":1,"name":"Home","item":"https:\/\/fcssystem.com\/de\/home-2\/"},{"@type":"ListItem","position":2,"name":"Kontakte","item":"https:\/\/fcssystem.com\/de\/contacts\/"},{"@type":"ListItem","position":3,"name":"Fordern Sie allgemeine Informationen"}]},{"@type":"WebSite","@id":"https:\/\/fcssystem.com\/de\/#website","url":"https:\/\/fcssystem.com\/de\/","name":"FCS System","description":"","publisher":{"@id":"https:\/\/fcssystem.com\/de\/#organization"},"alternateName":"Flexible Clamping Solutions","potentialAction":[{"@type":"SearchAction","target":{"@type":"EntryPoint","urlTemplate":"https:\/\/fcssystem.com\/de\/?s={search_term_string}"},"query-input":{"@type":"PropertyValueSpecification","valueRequired":true,"valueName":"search_term_string"}}],"inLanguage":"de"},{"@type":"Organization","@id":"https:\/\/fcssystem.com\/de\/#organization","name":"FCS System","url":"https:\/\/fcssystem.com\/de\/","logo":{"@type":"ImageObject","inLanguage":"de","@id":"https:\/\/fcssystem.com\/de\/#\/schema\/logo\/image\/","url":"https:\/\/fcssystem.com\/wp-content\/uploads\/2025\/01\/fcssystem-logo.png","contentUrl":"https:\/\/fcssystem.com\/wp-content\/uploads\/2025\/01\/fcssystem-logo.png","width":190,"height":83,"caption":"FCS System"},"image":{"@id":"https:\/\/fcssystem.com\/de\/#\/schema\/logo\/image\/"},"sameAs":["https:\/\/www.facebook.com\/fcssystem","https:\/\/www.youtube.com\/user\/FCSSYSTEM","https:\/\/www.linkedin.com\/company\/fcs-system\/"]}]}},"_links":{"self":[{"href":"https:\/\/fcssystem.com\/de\/wp-json\/wp\/v2\/pages\/7762","targetHints":{"allow":["GET"]}}],"collection":[{"href":"https:\/\/fcssystem.com\/de\/wp-json\/wp\/v2\/pages"}],"about":[{"href":"https:\/\/fcssystem.com\/de\/wp-json\/wp\/v2\/types\/page"}],"author":[{"embeddable":true,"href":"https:\/\/fcssystem.com\/de\/wp-json\/wp\/v2\/users\/1"}],"replies":[{"embeddable":true,"href":"https:\/\/fcssystem.com\/de\/wp-json\/wp\/v2\/comments?post=7762"}],"version-history":[{"count":6,"href":"https:\/\/fcssystem.com\/de\/wp-json\/wp\/v2\/pages\/7762\/revisions"}],"predecessor-version":[{"id":7850,"href":"https:\/\/fcssystem.com\/de\/wp-json\/wp\/v2\/pages\/7762\/revisions\/7850"}],"up":[{"embeddable":true,"href":"https:\/\/fcssystem.com\/de\/wp-json\/wp\/v2\/pages\/6569"}],"wp:attachment":[{"href":"https:\/\/fcssystem.com\/de\/wp-json\/wp\/v2\/media?parent=7762"}],"curies":[{"name":"wp","href":"https:\/\/api.w.org\/{rel}","templated":true}]}}