{"id":6586,"date":"2025-06-03T10:13:52","date_gmt":"2025-06-03T08:13:52","guid":{"rendered":"https:\/\/fcssystem.com\/datenschutzbestimmungen\/"},"modified":"2025-10-01T11:19:23","modified_gmt":"2025-10-01T09:19:23","slug":"datenschutzbestimmungen","status":"publish","type":"page","link":"https:\/\/fcssystem.com\/de\/datenschutzbestimmungen\/","title":{"rendered":"Datenschutzbestimmungen"},"content":{"rendered":"\t\t<div data-elementor-type=\"wp-page\" data-elementor-id=\"6586\" class=\"elementor elementor-6586 elementor-4795\" data-elementor-post-type=\"page\">\n\t\t\t\t<div class=\"elementor-element elementor-element-6cb35199 e-flex e-con-boxed e-con e-parent\" data-id=\"6cb35199\" data-element_type=\"container\">\n\t\t\t\t\t<div class=\"e-con-inner\">\n\t\t\t\t<div class=\"elementor-element elementor-element-182b4898 privacy_text elementor-widget elementor-widget-text-editor\" data-id=\"182b4898\" data-element_type=\"widget\" data-widget_type=\"text-editor.default\">\n\t\t\t\t<div class=\"elementor-widget-container\">\n\t\t\t\t\t\t\t\t\t<h1>Datenschutzbestimmungen<\/h1>\n<p>Auf dieser Seite wird beschrieben, wie Sie die Website in Bezug auf die Verarbeitung personenbezogener Daten der Nutzer, die sie konsultieren, verwalten k\u00f6nnen.<br>Es handelt sich um einen informativen Bericht, der gem\u00e4\u00df den Artikeln 13 und 14 der GDPR UE 2016\/679 und der geltenden nationalen Gesetzgebung denjenigen zur Verf\u00fcgung gestellt wird, die mit den Webdiensten der FCS SYSTEM SRL interagieren, die elektronisch \u00fcber die Adresse <a href=\"https:\/\/fcssystem.com\/de\/\">www.fcssystem.com<\/a> zug\u00e4nglich sind, die der Startseite der offiziellen Website der FCS SYSTEM SRL entspricht.<br>Die Richtlinien gelten nur f\u00fcr die Website von FCS SYSTEM SRL und nicht f\u00fcr andere Websites, die der Benutzer \u00fcber Links aufrufen kann.<br>Diese Politik st\u00fctzt sich auch auf die Empfehlung Nr. 2\/2001, die die europ\u00e4ischen Beh\u00f6rden f\u00fcr den Schutz personenbezogener Daten, die in der durch Art. 29 der Richtlinie 95\/46 \/ EG, die am 17. Mai 2001 angenommen wurde, um einige Mindestanforderungen f\u00fcr die Erfassung personenbezogener Daten im Internet festzulegen, insbesondere die Methoden, den Zeitpunkt und die Art der Informationen, die die f\u00fcr die Datenverarbeitung Verantwortlichen den Benutzern zur Verf\u00fcgung stellen m\u00fcssen, wenn sie sich mit Webseiten verbinden, unabh\u00e4ngig vom Zweck der Verbindung.  <\/p>\n<h2>1. Der &#8222;Eigent\u00fcmer&#8220; der Verarbeitung<\/h2>\n<p>Infolge der Konsultation dieser Website k\u00f6nnen Daten verarbeitet werden, die sich auf identifizierte oder identifizierbare Personen beziehen.<br>Der &#8222;Inhaber&#8220; der Verarbeitung ist FCS SYSTEM SRL mit Sitz in Via Belvedere, 48 &#8211; 31032 Casale sul Sile (TV).<\/p>\n<h2>2. &#8222;Verantwortlich&#8220; f\u00fcr die Verarbeitung<\/h2>\n<p>Die FCS SYSTEM SRL hat keinen externen Verwalter f\u00fcr die Behandlung gem\u00e4\u00df Art. 28 der EU-Verordnung 2016\/679 und der geltenden nationalen Gesetzgebung, da die Website intern entwickelt wird. <\/p>\n<h2>3. Ort der Datenverarbeitung<\/h2>\n<p>Die Verarbeitungen im Zusammenhang mit den Webdiensten dieser Website finden am oben genannten Sitz des Unternehmens statt und werden nur von technischem Personal durchgef\u00fchrt, das mit der Verarbeitung beauftragt ist. Es werden keine Daten, die sich aus dem Webservice ergeben, \u00fcbermittelt oder verbreitet.<br>Die pers\u00f6nlichen Daten, die von Nutzern zur Verf\u00fcgung gestellt werden, die die Zusendung von Informationsmaterial (Mailinglisten, Newsletter, Antworten auf Fragen usw.) anfordern, werden ausschlie\u00dflich zum Zweck der Ausf\u00fchrung der angeforderten Dienstleistung oder Bereitstellung verwendet und nicht an Dritte weitergegeben. <\/p>\n<h2>4. Art der verarbeiteten Daten<\/h2>\n<h4>4.1 Navigationsdaten<\/h4>\n<p>Die Computersysteme und Softwareverfahren, die f\u00fcr den Betrieb dieser Website verwendet werden, erfassen w\u00e4hrend ihres normalen Betriebs einige personenbezogene Daten, deren \u00dcbertragung bei der Verwendung von Internet-Kommunikationsprotokollen implizit ist.<br>Diese Informationen werden nicht gesammelt, um mit identifizierten Interessenten in Verbindung gebracht zu werden, sondern k\u00f6nnten aufgrund ihrer Beschaffenheit durch die Verarbeitung und Verkn\u00fcpfung mit Daten, die sich im Besitz von Dritten befinden, die Identifizierung von Benutzern erm\u00f6glichen.<br>Zu dieser Datenkategorie geh\u00f6ren die IP-Adressen oder Dom\u00e4nennamen der Computer, die von den Nutzern verwendet werden, die sich mit der Website verbinden, die URI-Adressen (Uniform Resource Identifier) der angeforderten Ressourcen, die Uhrzeit der Anfrage, die Methode, mit der die Anfrage an den Server \u00fcbermittelt wurde, die Gr\u00f6\u00dfe der als Antwort erhaltenen Datei, der numerische Code, der den Status der vom Server gegebenen Antwort angibt (Erfolg, Fehler usw.) und andere Parameter, die sich auf das Betriebssystem und die IT-Umgebung des Nutzers beziehen.<br>Diese Daten werden nur verwendet, um anonyme statistische Informationen \u00fcber die Nutzung der Website zu erhalten und ihr korrektes Funktionieren zu \u00fcberpr\u00fcfen, und werden sofort nach der Verarbeitung gel\u00f6scht. Die Daten k\u00f6nnten verwendet werden, um die Verantwortlichkeit im Falle eines hypothetischen Computerverbrechens gegen die Website festzustellen: Au\u00dfer in diesem Fall bleiben die Daten \u00fcber Webkontakte nicht l\u00e4nger als sieben Tage erhalten. <\/p>\n<h4>4.2 Freiwillig vom Nutzer zur Verf\u00fcgung gestellte Daten<\/h4>\n<p>Die fakultative, ausdr\u00fcckliche und freiwillige Zusendung von elektronischer Post an die auf dieser Website angegebenen Adressen, auch durch Ausf\u00fcllen bestimmter Formulare, hat die sp\u00e4tere Erfassung der Adresse des Absenders zur Folge, die f\u00fcr die Beantwortung von Anfragen erforderlich ist, sowie aller anderen personenbezogenen Daten, die in dem Schreiben enthalten sind.<br>Die Daten werden im Wesentlichen f\u00fcr die folgenden spezifischen Zwecke verarbeitet:<\/p>\n<ol>\n<li>Bereitstellung von Diensten auf der Grundlage einer Webschnittstelle (Benutzerregistrierung);<\/li>\n<li>Bereitstellung von Informationen \u00fcber Personen, die sich freiwillig in unserer Standortdatenbank registriert haben (Techniker, Installateure, usw.);<\/li>\n<li>Bereitstellung von Informationen \u00fcber die Schulungsaktivit\u00e4ten des FCS-Systems;<\/li>\n<li>Statistische Forschung;<\/li>\n<li>Informationsanfragen zu den von FCS SYSTEM SRL direkt vermarkteten Dienstleistungen und Produkten\/L\u00f6sungen;<\/li>\n<li>Berichte jeglicher Art, auch \u00fcber das Kontaktformular;<\/li>\n<li>\u00dcbermittlung von Informationen und \/ oder pers\u00f6nlichen Daten zum Zweck der Festlegung einer beruflichen Zusammenarbeit;<\/li>\n<li>Anmeldung f\u00fcr den Newsletter mit Unternehmensinformationen.<\/li>\n<\/ol>\n<p>Spezifische zusammenfassende Informationen werden auf Anfrage nach und nach gemeldet oder auf den f\u00fcr bestimmte Dienste eingerichteten Seiten der Website angezeigt.<\/p>\n<h5>4.2.1 Cookies, Plugins und Interaktionsdienste mit externen Plattformen<\/h5>\n<p>Vollst\u00e4ndige Informationen \u00fcber die Verwendung von Cookies und Interaktionsdiensten mit externen Plattformen (z.B. soziale Netzwerke) durch diese Website finden Sie unter folgendem Link:<br><a href=\"https:\/\/fcssystem.com\/de\/cookie-richtlinie\/\">Cookie Policy der Website www.fcssystem.com<\/a><\/p>\n<h2>5. Optionale Bereitstellung von Daten<\/h2>\n<p>A Abgesehen von den f\u00fcr die Navigationsdaten angegebenen Daten steht es dem Benutzer frei, die in den Anforderungsformularen enthaltenen oder in den Kontakten angegebenen pers\u00f6nlichen Daten zu \u00fcbermitteln, um die Zusendung des Newsletters, von Informationsmaterial oder anderen Mitteilungen anzufordern.<br>Die Nichtbereitstellung dieser Daten kann dazu f\u00fchren, dass das Gew\u00fcnschte nicht erhalten werden kann.<\/p>\n<h2>6. Verarbeitungsmethoden<\/h2>\n<p>Personenbezogene Daten werden von automatisierten Tools nur so lange verarbeitet, wie es f\u00fcr die Erreichung der Zwecke, f\u00fcr die sie erhoben wurden, unbedingt erforderlich ist.<br>Es werden besondere Sicherheitsma\u00dfnahmen beachtet, um den Verlust von Daten, unerlaubte oder falsche Verwendung und unbefugten Zugriff zu verhindern.<\/p>\n<h2>7. \u00dcbermittlung Ihrer Daten ins Ausland<\/h2>\n<p>Die \u00fcber diese oder andere Websites eingegebenen personenbezogenen Daten k\u00f6nnen von uns oder unseren Beauftragten in andere L\u00e4nder \u00fcbermittelt werden, um die vertraglichen Verpflichtungen und die obligatorischen Verpflichtungen der konzerninternen Kommunikation und\/oder des Franchising zu erf\u00fcllen, in voller \u00dcbereinstimmung mit Art. 44 und s.s. der GDPR 2016\/679 oder aus rein technischen Gr\u00fcnden im Zusammenhang mit der Struktur des Informationssystems des Unternehmens und\/oder der Anwendung von technischen und organisatorischen Sicherheitsma\u00dfnahmen, die vom Eigent\u00fcmer als angemessen erachtet werden (cit. Art. 32 GDPR 2016\/679). <\/p>\n<h2>8. Rechte der interessierten Parteien<\/h2>\n<p>Interessierte Personen, die der Ansicht sind, dass die Verarbeitung der sie betreffenden personenbezogenen Daten \u00fcber diese Website gegen die Bestimmungen der DSGVO 2016\/679 verst\u00f6\u00dft, haben das Recht, eine Beschwerde bei FCS SYSTEM SRL einzureichen, wie in Art. 77 der DSGVO 2016\/679 vorgesehen, eine Beschwerde einzureichen oder die entsprechenden gerichtlichen Schritte einzuleiten (Art. 79 der DSGVO 2016\/679).<\/p>\n<h2>9. Beschwerderecht<\/h2>\n<p>Interessierte Personen, die der Ansicht sind, dass die Verarbeitung der sie betreffenden personenbezogenen Daten \u00fcber diese Website gegen die Bestimmungen der DSGVO 2016\/679 verst\u00f6\u00dft, haben das Recht, eine Beschwerde bei FCS SYSTEM SRL einzureichen, wie in Art. 77 der DSGVO 2016\/679 vorgesehen, eine Beschwerde einzureichen oder die entsprechenden gerichtlichen Schritte einzuleiten (Art. 79 der DSGVO 2016\/679).<\/p>\n<h2>10. Rechtliche Hinweise<\/h2>\n<p>Hinweis f\u00fcr europ\u00e4ische Nutzer: Diese Datenschutzerkl\u00e4rung wurde in Erf\u00fcllung der in Artikel 13 und 14 der GDPR 2016\/679 festgelegten Verpflichtungen sowie der Bestimmungen der Richtlinie 2002\/58 \/ EG, aktualisiert durch die Richtlinie 2009\/136 \/ EG, \u00fcber Cookies erstellt. Diese Datenschutzrichtlinie gilt ausschlie\u00dflich f\u00fcr diese Website. <\/p>\n<h2>11. Aufbewahrungsfristen f\u00fcr Daten:<\/h2>\n<p>Die bereitgestellten Daten werden in unseren Archiven gem\u00e4\u00df den folgenden Parametern gespeichert:<\/p>\n<ul>\n<li>F\u00fcr alle freiwillig zur Verf\u00fcgung gestellten Daten: bis zur Umgehung des Dienstes (&#8222;Grundsatz der Verj\u00e4hrung der Aufbewahrung&#8220;, Artikel 5 der Verordnung (EU) 2016\/679) oder gem\u00e4\u00df den gesetzlich festgelegten Fristen. Die \u00dcberpr\u00fcfung der Veralterung der gespeicherten Daten in Bezug auf die Zwecke, f\u00fcr die sie erhoben wurden, wird regelm\u00e4\u00dfig durchgef\u00fchrt. <\/li>\n<li>Zu Informations-, Werbe- und Marketingzwecken: 24 Monate;<br><br><\/li>\n<\/ul>\n<p>F\u00fcr weitere Informationen k\u00f6nnen Sie sich an den Data Controller wenden:<br><br><g id=\"gid_0\">FCS SYSTEM SRL<\/g><br>Via Belvedere, 48 \u2013 31032 Casale sul Sile (TV) &#8211; Italia<br>Tel. +39 0422 785518<br>eMail: info[@]fcssystem.com <\/p>\n<p><\/p>\t\t\t\t\t\t\t\t<\/div>\n\t\t\t\t<\/div>\n\t\t\t\t\t<\/div>\n\t\t\t\t<\/div>\n\t\t\t\t<\/div>\n\t\t","protected":false},"excerpt":{"rendered":"<p>Datenschutzbestimmungen Auf dieser Seite wird beschrieben, wie Sie die Website in Bezug auf die Verarbeitung personenbezogener Daten der Nutzer, die sie konsultieren, verwalten k\u00f6nnen.Es handelt sich um einen informativen Bericht, der gem\u00e4\u00df den Artikeln 13 und 14 der GDPR UE 2016\/679 und der geltenden nationalen Gesetzgebung denjenigen zur Verf\u00fcgung gestellt wird, die mit den Webdiensten [&hellip;]<\/p>\n","protected":false},"author":1,"featured_media":0,"parent":0,"menu_order":0,"comment_status":"closed","ping_status":"closed","template":"","meta":{"footnotes":""},"class_list":["post-6586","page","type-page","status-publish","hentry"],"yoast_head":"<!-- This site is optimized with the Yoast SEO plugin v27.3 - https:\/\/yoast.com\/product\/yoast-seo-wordpress\/ -->\n<title>Datenschutzbestimmungen - FCS System<\/title>\n<meta name=\"robots\" content=\"index, follow, max-snippet:-1, max-image-preview:large, max-video-preview:-1\" \/>\n<link rel=\"canonical\" href=\"https:\/\/fcssystem.com\/de\/datenschutzbestimmungen\/\" \/>\n<meta property=\"og:locale\" content=\"de_DE\" \/>\n<meta property=\"og:type\" content=\"article\" \/>\n<meta property=\"og:title\" content=\"Datenschutzbestimmungen - FCS System\" \/>\n<meta property=\"og:description\" content=\"Datenschutzbestimmungen Auf dieser Seite wird beschrieben, wie Sie die Website in Bezug auf die Verarbeitung personenbezogener Daten der Nutzer, die sie konsultieren, verwalten k\u00f6nnen.Es handelt sich um einen informativen Bericht, der gem\u00e4\u00df den Artikeln 13 und 14 der GDPR UE 2016\/679 und der geltenden nationalen Gesetzgebung denjenigen zur Verf\u00fcgung gestellt wird, die mit den Webdiensten [&hellip;]\" \/>\n<meta property=\"og:url\" content=\"https:\/\/fcssystem.com\/de\/datenschutzbestimmungen\/\" \/>\n<meta property=\"og:site_name\" content=\"FCS System\" \/>\n<meta property=\"article:publisher\" content=\"https:\/\/www.facebook.com\/fcssystem\" \/>\n<meta property=\"article:modified_time\" content=\"2025-10-01T09:19:23+00:00\" \/>\n<meta property=\"og:image\" content=\"https:\/\/fcssystem.com\/wp-content\/uploads\/2025\/05\/Adjustable.jpg\" \/>\n\t<meta property=\"og:image:width\" content=\"1141\" \/>\n\t<meta property=\"og:image:height\" content=\"700\" \/>\n\t<meta property=\"og:image:type\" content=\"image\/jpeg\" \/>\n<meta name=\"twitter:card\" content=\"summary_large_image\" \/>\n<meta name=\"twitter:label1\" content=\"Gesch\u00e4tzte Lesezeit\" \/>\n\t<meta name=\"twitter:data1\" content=\"6\u00a0Minuten\" \/>\n<script type=\"application\/ld+json\" class=\"yoast-schema-graph\">{\"@context\":\"https:\\\/\\\/schema.org\",\"@graph\":[{\"@type\":\"WebPage\",\"@id\":\"https:\\\/\\\/fcssystem.com\\\/de\\\/datenschutzbestimmungen\\\/\",\"url\":\"https:\\\/\\\/fcssystem.com\\\/de\\\/datenschutzbestimmungen\\\/\",\"name\":\"Datenschutzbestimmungen - FCS System\",\"isPartOf\":{\"@id\":\"https:\\\/\\\/fcssystem.com\\\/de\\\/#website\"},\"datePublished\":\"2025-06-03T08:13:52+00:00\",\"dateModified\":\"2025-10-01T09:19:23+00:00\",\"breadcrumb\":{\"@id\":\"https:\\\/\\\/fcssystem.com\\\/de\\\/datenschutzbestimmungen\\\/#breadcrumb\"},\"inLanguage\":\"de\",\"potentialAction\":[{\"@type\":\"ReadAction\",\"target\":[\"https:\\\/\\\/fcssystem.com\\\/de\\\/datenschutzbestimmungen\\\/\"]}]},{\"@type\":\"BreadcrumbList\",\"@id\":\"https:\\\/\\\/fcssystem.com\\\/de\\\/datenschutzbestimmungen\\\/#breadcrumb\",\"itemListElement\":[{\"@type\":\"ListItem\",\"position\":1,\"name\":\"Home\",\"item\":\"https:\\\/\\\/fcssystem.com\\\/de\\\/home-2\\\/\"},{\"@type\":\"ListItem\",\"position\":2,\"name\":\"Datenschutzbestimmungen\"}]},{\"@type\":\"WebSite\",\"@id\":\"https:\\\/\\\/fcssystem.com\\\/de\\\/#website\",\"url\":\"https:\\\/\\\/fcssystem.com\\\/de\\\/\",\"name\":\"FCS System\",\"description\":\"\",\"publisher\":{\"@id\":\"https:\\\/\\\/fcssystem.com\\\/de\\\/#organization\"},\"alternateName\":\"Flexible Clamping Solutions\",\"potentialAction\":[{\"@type\":\"SearchAction\",\"target\":{\"@type\":\"EntryPoint\",\"urlTemplate\":\"https:\\\/\\\/fcssystem.com\\\/de\\\/?s={search_term_string}\"},\"query-input\":{\"@type\":\"PropertyValueSpecification\",\"valueRequired\":true,\"valueName\":\"search_term_string\"}}],\"inLanguage\":\"de\"},{\"@type\":\"Organization\",\"@id\":\"https:\\\/\\\/fcssystem.com\\\/de\\\/#organization\",\"name\":\"FCS System\",\"url\":\"https:\\\/\\\/fcssystem.com\\\/de\\\/\",\"logo\":{\"@type\":\"ImageObject\",\"inLanguage\":\"de\",\"@id\":\"https:\\\/\\\/fcssystem.com\\\/de\\\/#\\\/schema\\\/logo\\\/image\\\/\",\"url\":\"https:\\\/\\\/fcssystem.com\\\/wp-content\\\/uploads\\\/2025\\\/01\\\/fcssystem-logo.png\",\"contentUrl\":\"https:\\\/\\\/fcssystem.com\\\/wp-content\\\/uploads\\\/2025\\\/01\\\/fcssystem-logo.png\",\"width\":190,\"height\":83,\"caption\":\"FCS System\"},\"image\":{\"@id\":\"https:\\\/\\\/fcssystem.com\\\/de\\\/#\\\/schema\\\/logo\\\/image\\\/\"},\"sameAs\":[\"https:\\\/\\\/www.facebook.com\\\/fcssystem\",\"https:\\\/\\\/www.youtube.com\\\/user\\\/FCSSYSTEM\",\"https:\\\/\\\/www.linkedin.com\\\/company\\\/fcs-system\\\/\"]}]}<\/script>\n<!-- \/ Yoast SEO plugin. -->","yoast_head_json":{"title":"Datenschutzbestimmungen - FCS System","robots":{"index":"index","follow":"follow","max-snippet":"max-snippet:-1","max-image-preview":"max-image-preview:large","max-video-preview":"max-video-preview:-1"},"canonical":"https:\/\/fcssystem.com\/de\/datenschutzbestimmungen\/","og_locale":"de_DE","og_type":"article","og_title":"Datenschutzbestimmungen - FCS System","og_description":"Datenschutzbestimmungen Auf dieser Seite wird beschrieben, wie Sie die Website in Bezug auf die Verarbeitung personenbezogener Daten der Nutzer, die sie konsultieren, verwalten k\u00f6nnen.Es handelt sich um einen informativen Bericht, der gem\u00e4\u00df den Artikeln 13 und 14 der GDPR UE 2016\/679 und der geltenden nationalen Gesetzgebung denjenigen zur Verf\u00fcgung gestellt wird, die mit den Webdiensten [&hellip;]","og_url":"https:\/\/fcssystem.com\/de\/datenschutzbestimmungen\/","og_site_name":"FCS System","article_publisher":"https:\/\/www.facebook.com\/fcssystem","article_modified_time":"2025-10-01T09:19:23+00:00","og_image":[{"width":1141,"height":700,"url":"https:\/\/fcssystem.com\/wp-content\/uploads\/2025\/05\/Adjustable.jpg","type":"image\/jpeg"}],"twitter_card":"summary_large_image","twitter_misc":{"Gesch\u00e4tzte Lesezeit":"6\u00a0Minuten"},"schema":{"@context":"https:\/\/schema.org","@graph":[{"@type":"WebPage","@id":"https:\/\/fcssystem.com\/de\/datenschutzbestimmungen\/","url":"https:\/\/fcssystem.com\/de\/datenschutzbestimmungen\/","name":"Datenschutzbestimmungen - FCS System","isPartOf":{"@id":"https:\/\/fcssystem.com\/de\/#website"},"datePublished":"2025-06-03T08:13:52+00:00","dateModified":"2025-10-01T09:19:23+00:00","breadcrumb":{"@id":"https:\/\/fcssystem.com\/de\/datenschutzbestimmungen\/#breadcrumb"},"inLanguage":"de","potentialAction":[{"@type":"ReadAction","target":["https:\/\/fcssystem.com\/de\/datenschutzbestimmungen\/"]}]},{"@type":"BreadcrumbList","@id":"https:\/\/fcssystem.com\/de\/datenschutzbestimmungen\/#breadcrumb","itemListElement":[{"@type":"ListItem","position":1,"name":"Home","item":"https:\/\/fcssystem.com\/de\/home-2\/"},{"@type":"ListItem","position":2,"name":"Datenschutzbestimmungen"}]},{"@type":"WebSite","@id":"https:\/\/fcssystem.com\/de\/#website","url":"https:\/\/fcssystem.com\/de\/","name":"FCS System","description":"","publisher":{"@id":"https:\/\/fcssystem.com\/de\/#organization"},"alternateName":"Flexible Clamping Solutions","potentialAction":[{"@type":"SearchAction","target":{"@type":"EntryPoint","urlTemplate":"https:\/\/fcssystem.com\/de\/?s={search_term_string}"},"query-input":{"@type":"PropertyValueSpecification","valueRequired":true,"valueName":"search_term_string"}}],"inLanguage":"de"},{"@type":"Organization","@id":"https:\/\/fcssystem.com\/de\/#organization","name":"FCS System","url":"https:\/\/fcssystem.com\/de\/","logo":{"@type":"ImageObject","inLanguage":"de","@id":"https:\/\/fcssystem.com\/de\/#\/schema\/logo\/image\/","url":"https:\/\/fcssystem.com\/wp-content\/uploads\/2025\/01\/fcssystem-logo.png","contentUrl":"https:\/\/fcssystem.com\/wp-content\/uploads\/2025\/01\/fcssystem-logo.png","width":190,"height":83,"caption":"FCS System"},"image":{"@id":"https:\/\/fcssystem.com\/de\/#\/schema\/logo\/image\/"},"sameAs":["https:\/\/www.facebook.com\/fcssystem","https:\/\/www.youtube.com\/user\/FCSSYSTEM","https:\/\/www.linkedin.com\/company\/fcs-system\/"]}]}},"_links":{"self":[{"href":"https:\/\/fcssystem.com\/de\/wp-json\/wp\/v2\/pages\/6586","targetHints":{"allow":["GET"]}}],"collection":[{"href":"https:\/\/fcssystem.com\/de\/wp-json\/wp\/v2\/pages"}],"about":[{"href":"https:\/\/fcssystem.com\/de\/wp-json\/wp\/v2\/types\/page"}],"author":[{"embeddable":true,"href":"https:\/\/fcssystem.com\/de\/wp-json\/wp\/v2\/users\/1"}],"replies":[{"embeddable":true,"href":"https:\/\/fcssystem.com\/de\/wp-json\/wp\/v2\/comments?post=6586"}],"version-history":[{"count":2,"href":"https:\/\/fcssystem.com\/de\/wp-json\/wp\/v2\/pages\/6586\/revisions"}],"predecessor-version":[{"id":7341,"href":"https:\/\/fcssystem.com\/de\/wp-json\/wp\/v2\/pages\/6586\/revisions\/7341"}],"wp:attachment":[{"href":"https:\/\/fcssystem.com\/de\/wp-json\/wp\/v2\/media?parent=6586"}],"curies":[{"name":"wp","href":"https:\/\/api.w.org\/{rel}","templated":true}]}}