{"id":6578,"date":"2025-05-29T09:35:41","date_gmt":"2025-05-29T07:35:41","guid":{"rendered":"https:\/\/fcssystem.com\/rechtliche-informationen\/"},"modified":"2025-09-11T10:20:25","modified_gmt":"2025-09-11T08:20:25","slug":"rechtliche-informationen","status":"publish","type":"page","link":"https:\/\/fcssystem.com\/de\/rechtliche-informationen\/","title":{"rendered":"Rechtliche Informationen"},"content":{"rendered":"\t\t<div data-elementor-type=\"wp-page\" data-elementor-id=\"6578\" class=\"elementor elementor-6578 elementor-4508\" data-elementor-post-type=\"page\">\n\t\t\t\t<div class=\"elementor-element elementor-element-6cb35199 e-flex e-con-boxed e-con e-parent\" data-id=\"6cb35199\" data-element_type=\"container\">\n\t\t\t\t\t<div class=\"e-con-inner\">\n\t\t\t\t<div class=\"elementor-element elementor-element-182b4898 privacy_text elementor-widget elementor-widget-text-editor\" data-id=\"182b4898\" data-element_type=\"widget\" data-widget_type=\"text-editor.default\">\n\t\t\t\t<div class=\"elementor-widget-container\">\n\t\t\t\t\t\t\t\t\t<h1>Rechtliche Informationen<\/h1><h2>Daten zum Unternehmen<\/h2><p>Firmenname: FCS SYSTEM SRL<br>Eingetragener Firmensitz: Via Belvedere, 48 &#8211; 31032 Casale sul Sile (TV)<br>Steuernummer: 03778970263<br>Umsatzsteuer-Identifikationsnummer: 03778970263<br>Unternehmensregisteramt: Treviso<br>R.E.A.: TV-297821<\/p><h2>Unternehmensinformationen und Zustimmungen<\/h2><ul><li><a href=\"https:\/\/fcssystem.com\/de\/datenschutzbestimmungen\/\">Datenschutzbestimmungen der www.fcssystem.com<\/a><\/li><li><a href=\"https:\/\/fcssystem.com\/de\/cookie-richtlinie\/\">Cookie-Richtlinie der www.fcssystem.com<\/a><\/li><li><a href=\"https:\/\/fcssystem.com\/wp-content\/uploads\/2025\/09\/00_General_conditions_of_sale_DE.pdf\" target=\"_blank\" rel=\"noopener\">Allgemeine Verkaufsbedingungen<\/a><\/li><li><a href=\"https:\/\/fcssystem.com\/wp-content\/uploads\/2025\/09\/000_FCS_Return_Policy_DE.pdf\" target=\"_blank\" rel=\"noopener\">R\u00fcckgaberecht<\/a><\/li><\/ul><h2>Warnhinweise zum Urheberrecht und zu eingetragenen Marken<\/h2><p>Der gesamte Inhalt dieser Website ist urheberrechtlich gesch\u00fctzt (Copyright \u00a9) 2018 von FCS SYSTEM SRL oder seinen Lieferanten. Alle Rechte sind den gesetzlichen Titeln vorbehalten.<br>Gem\u00e4\u00df Art. 1, Absatz 1 des Gesetzesdekrets vom 22. M\u00e4rz 2004, Nr. 72, vorbehalten durch das Umwandlungsgesetz vom 21. Mai 2004, Nr. 128, erf\u00fcllen die Werke auf dieser Website die Verpflichtungen, die sich aus der Gesetzgebung \u00fcber das Urheberrecht und die verwandten Schutzrechte ergeben.<br>Die Vervielf\u00e4ltigung, die \u00f6ffentliche Wiedergabe, die \u00f6ffentliche Zug\u00e4nglichmachung, die Vermietung und der Verleih, die \u00f6ffentliche Auff\u00fchrung und die Verbreitung ohne die Genehmigung des Rechtsinhabers sind verboten.<br>Die Verletzung wird durch die Vorschriften der Art. 171, 171-bis, 171-ter, 174-bis und 174-ter des Gesetzes 633\/1941.<br>Gem\u00e4\u00df Art. 5 des Gesetzes vom 22. April 1941 Nr. 633 \u00fcber den Schutz des Urheberrechts sind die Texte von offiziellen Akten des Staates und der \u00f6ffentlichen Verwaltungen, sowohl in Italien als auch im Ausland, nicht urheberrechtlich gesch\u00fctzt.<br>Das angegebene Urheberrecht bezieht sich auf die Erstellung und Pr\u00e4sentation der Texte selbst.<br>Angebliche Urheberrechtsverletzungen<br>Diese Mitteilungen werden in schriftlicher Form vorgelegt und an den von FCS SYSTEM SRL benannten Vertreter unter folgender Adresse, Faxnummer oder E-Mail-Adresse gesendet:    <\/p><p><b>FCS SYSTEM SRL<\/b><br>Via Belvedere, 48 &#8211; 31032 Casale sul Sile (TV)<br>Tel. +39 0422 785518<br>eMail <a href=\"mailto:info@fcssystem.com\">info@fcssystem.com<\/a> <\/p>\t\t\t\t\t\t\t\t<\/div>\n\t\t\t\t<\/div>\n\t\t\t\t\t<\/div>\n\t\t\t\t<\/div>\n\t\t\t\t<\/div>\n\t\t","protected":false},"excerpt":{"rendered":"<p>Rechtliche Informationen Daten zum Unternehmen Firmenname: FCS SYSTEM SRLEingetragener Firmensitz: Via Belvedere, 48 &#8211; 31032 Casale sul Sile (TV)Steuernummer: 03778970263Umsatzsteuer-Identifikationsnummer: 03778970263Unternehmensregisteramt: TrevisoR.E.A.: TV-297821 Unternehmensinformationen und Zustimmungen Datenschutzbestimmungen der www.fcssystem.com Cookie-Richtlinie der www.fcssystem.com Allgemeine Verkaufsbedingungen R\u00fcckgaberecht Warnhinweise zum Urheberrecht und zu eingetragenen Marken Der gesamte Inhalt dieser Website ist urheberrechtlich gesch\u00fctzt (Copyright \u00a9) 2018 von FCS [&hellip;]<\/p>\n","protected":false},"author":1,"featured_media":0,"parent":0,"menu_order":0,"comment_status":"closed","ping_status":"closed","template":"","meta":{"footnotes":""},"class_list":["post-6578","page","type-page","status-publish","hentry"],"yoast_head":"<!-- This site is optimized with the Yoast SEO plugin v27.3 - https:\/\/yoast.com\/product\/yoast-seo-wordpress\/ -->\n<title>Rechtliche Informationen - FCS System<\/title>\n<meta name=\"robots\" content=\"index, follow, max-snippet:-1, max-image-preview:large, max-video-preview:-1\" \/>\n<link rel=\"canonical\" href=\"https:\/\/fcssystem.com\/de\/rechtliche-informationen\/\" \/>\n<meta property=\"og:locale\" content=\"de_DE\" \/>\n<meta property=\"og:type\" content=\"article\" \/>\n<meta property=\"og:title\" content=\"Rechtliche Informationen - FCS System\" \/>\n<meta property=\"og:description\" content=\"Rechtliche Informationen Daten zum Unternehmen Firmenname: FCS SYSTEM SRLEingetragener Firmensitz: Via Belvedere, 48 &#8211; 31032 Casale sul Sile (TV)Steuernummer: 03778970263Umsatzsteuer-Identifikationsnummer: 03778970263Unternehmensregisteramt: TrevisoR.E.A.: TV-297821 Unternehmensinformationen und Zustimmungen Datenschutzbestimmungen der www.fcssystem.com Cookie-Richtlinie der www.fcssystem.com Allgemeine Verkaufsbedingungen R\u00fcckgaberecht Warnhinweise zum Urheberrecht und zu eingetragenen Marken Der gesamte Inhalt dieser Website ist urheberrechtlich gesch\u00fctzt (Copyright \u00a9) 2018 von FCS [&hellip;]\" \/>\n<meta property=\"og:url\" content=\"https:\/\/fcssystem.com\/de\/rechtliche-informationen\/\" \/>\n<meta property=\"og:site_name\" content=\"FCS System\" \/>\n<meta property=\"article:publisher\" content=\"https:\/\/www.facebook.com\/fcssystem\" \/>\n<meta property=\"article:modified_time\" content=\"2025-09-11T08:20:25+00:00\" \/>\n<meta property=\"og:image\" content=\"https:\/\/fcssystem.com\/wp-content\/uploads\/2025\/05\/Adjustable.jpg\" \/>\n\t<meta property=\"og:image:width\" content=\"1141\" \/>\n\t<meta property=\"og:image:height\" content=\"700\" \/>\n\t<meta property=\"og:image:type\" content=\"image\/jpeg\" \/>\n<meta name=\"twitter:card\" content=\"summary_large_image\" \/>\n<meta name=\"twitter:label1\" content=\"Gesch\u00e4tzte Lesezeit\" \/>\n\t<meta name=\"twitter:data1\" content=\"1\u00a0Minute\" \/>\n<script type=\"application\/ld+json\" class=\"yoast-schema-graph\">{\"@context\":\"https:\\\/\\\/schema.org\",\"@graph\":[{\"@type\":\"WebPage\",\"@id\":\"https:\\\/\\\/fcssystem.com\\\/de\\\/rechtliche-informationen\\\/\",\"url\":\"https:\\\/\\\/fcssystem.com\\\/de\\\/rechtliche-informationen\\\/\",\"name\":\"Rechtliche Informationen - FCS System\",\"isPartOf\":{\"@id\":\"https:\\\/\\\/fcssystem.com\\\/de\\\/#website\"},\"datePublished\":\"2025-05-29T07:35:41+00:00\",\"dateModified\":\"2025-09-11T08:20:25+00:00\",\"breadcrumb\":{\"@id\":\"https:\\\/\\\/fcssystem.com\\\/de\\\/rechtliche-informationen\\\/#breadcrumb\"},\"inLanguage\":\"de\",\"potentialAction\":[{\"@type\":\"ReadAction\",\"target\":[\"https:\\\/\\\/fcssystem.com\\\/de\\\/rechtliche-informationen\\\/\"]}]},{\"@type\":\"BreadcrumbList\",\"@id\":\"https:\\\/\\\/fcssystem.com\\\/de\\\/rechtliche-informationen\\\/#breadcrumb\",\"itemListElement\":[{\"@type\":\"ListItem\",\"position\":1,\"name\":\"Home\",\"item\":\"https:\\\/\\\/fcssystem.com\\\/de\\\/home-2\\\/\"},{\"@type\":\"ListItem\",\"position\":2,\"name\":\"Rechtliche Informationen\"}]},{\"@type\":\"WebSite\",\"@id\":\"https:\\\/\\\/fcssystem.com\\\/de\\\/#website\",\"url\":\"https:\\\/\\\/fcssystem.com\\\/de\\\/\",\"name\":\"FCS System\",\"description\":\"\",\"publisher\":{\"@id\":\"https:\\\/\\\/fcssystem.com\\\/de\\\/#organization\"},\"alternateName\":\"Flexible Clamping Solutions\",\"potentialAction\":[{\"@type\":\"SearchAction\",\"target\":{\"@type\":\"EntryPoint\",\"urlTemplate\":\"https:\\\/\\\/fcssystem.com\\\/de\\\/?s={search_term_string}\"},\"query-input\":{\"@type\":\"PropertyValueSpecification\",\"valueRequired\":true,\"valueName\":\"search_term_string\"}}],\"inLanguage\":\"de\"},{\"@type\":\"Organization\",\"@id\":\"https:\\\/\\\/fcssystem.com\\\/de\\\/#organization\",\"name\":\"FCS System\",\"url\":\"https:\\\/\\\/fcssystem.com\\\/de\\\/\",\"logo\":{\"@type\":\"ImageObject\",\"inLanguage\":\"de\",\"@id\":\"https:\\\/\\\/fcssystem.com\\\/de\\\/#\\\/schema\\\/logo\\\/image\\\/\",\"url\":\"https:\\\/\\\/fcssystem.com\\\/wp-content\\\/uploads\\\/2025\\\/01\\\/fcssystem-logo.png\",\"contentUrl\":\"https:\\\/\\\/fcssystem.com\\\/wp-content\\\/uploads\\\/2025\\\/01\\\/fcssystem-logo.png\",\"width\":190,\"height\":83,\"caption\":\"FCS System\"},\"image\":{\"@id\":\"https:\\\/\\\/fcssystem.com\\\/de\\\/#\\\/schema\\\/logo\\\/image\\\/\"},\"sameAs\":[\"https:\\\/\\\/www.facebook.com\\\/fcssystem\",\"https:\\\/\\\/www.youtube.com\\\/user\\\/FCSSYSTEM\",\"https:\\\/\\\/www.linkedin.com\\\/company\\\/fcs-system\\\/\"]}]}<\/script>\n<!-- \/ Yoast SEO plugin. -->","yoast_head_json":{"title":"Rechtliche Informationen - FCS System","robots":{"index":"index","follow":"follow","max-snippet":"max-snippet:-1","max-image-preview":"max-image-preview:large","max-video-preview":"max-video-preview:-1"},"canonical":"https:\/\/fcssystem.com\/de\/rechtliche-informationen\/","og_locale":"de_DE","og_type":"article","og_title":"Rechtliche Informationen - FCS System","og_description":"Rechtliche Informationen Daten zum Unternehmen Firmenname: FCS SYSTEM SRLEingetragener Firmensitz: Via Belvedere, 48 &#8211; 31032 Casale sul Sile (TV)Steuernummer: 03778970263Umsatzsteuer-Identifikationsnummer: 03778970263Unternehmensregisteramt: TrevisoR.E.A.: TV-297821 Unternehmensinformationen und Zustimmungen Datenschutzbestimmungen der www.fcssystem.com Cookie-Richtlinie der www.fcssystem.com Allgemeine Verkaufsbedingungen R\u00fcckgaberecht Warnhinweise zum Urheberrecht und zu eingetragenen Marken Der gesamte Inhalt dieser Website ist urheberrechtlich gesch\u00fctzt (Copyright \u00a9) 2018 von FCS [&hellip;]","og_url":"https:\/\/fcssystem.com\/de\/rechtliche-informationen\/","og_site_name":"FCS System","article_publisher":"https:\/\/www.facebook.com\/fcssystem","article_modified_time":"2025-09-11T08:20:25+00:00","og_image":[{"width":1141,"height":700,"url":"https:\/\/fcssystem.com\/wp-content\/uploads\/2025\/05\/Adjustable.jpg","type":"image\/jpeg"}],"twitter_card":"summary_large_image","twitter_misc":{"Gesch\u00e4tzte Lesezeit":"1\u00a0Minute"},"schema":{"@context":"https:\/\/schema.org","@graph":[{"@type":"WebPage","@id":"https:\/\/fcssystem.com\/de\/rechtliche-informationen\/","url":"https:\/\/fcssystem.com\/de\/rechtliche-informationen\/","name":"Rechtliche Informationen - FCS System","isPartOf":{"@id":"https:\/\/fcssystem.com\/de\/#website"},"datePublished":"2025-05-29T07:35:41+00:00","dateModified":"2025-09-11T08:20:25+00:00","breadcrumb":{"@id":"https:\/\/fcssystem.com\/de\/rechtliche-informationen\/#breadcrumb"},"inLanguage":"de","potentialAction":[{"@type":"ReadAction","target":["https:\/\/fcssystem.com\/de\/rechtliche-informationen\/"]}]},{"@type":"BreadcrumbList","@id":"https:\/\/fcssystem.com\/de\/rechtliche-informationen\/#breadcrumb","itemListElement":[{"@type":"ListItem","position":1,"name":"Home","item":"https:\/\/fcssystem.com\/de\/home-2\/"},{"@type":"ListItem","position":2,"name":"Rechtliche Informationen"}]},{"@type":"WebSite","@id":"https:\/\/fcssystem.com\/de\/#website","url":"https:\/\/fcssystem.com\/de\/","name":"FCS System","description":"","publisher":{"@id":"https:\/\/fcssystem.com\/de\/#organization"},"alternateName":"Flexible Clamping Solutions","potentialAction":[{"@type":"SearchAction","target":{"@type":"EntryPoint","urlTemplate":"https:\/\/fcssystem.com\/de\/?s={search_term_string}"},"query-input":{"@type":"PropertyValueSpecification","valueRequired":true,"valueName":"search_term_string"}}],"inLanguage":"de"},{"@type":"Organization","@id":"https:\/\/fcssystem.com\/de\/#organization","name":"FCS System","url":"https:\/\/fcssystem.com\/de\/","logo":{"@type":"ImageObject","inLanguage":"de","@id":"https:\/\/fcssystem.com\/de\/#\/schema\/logo\/image\/","url":"https:\/\/fcssystem.com\/wp-content\/uploads\/2025\/01\/fcssystem-logo.png","contentUrl":"https:\/\/fcssystem.com\/wp-content\/uploads\/2025\/01\/fcssystem-logo.png","width":190,"height":83,"caption":"FCS System"},"image":{"@id":"https:\/\/fcssystem.com\/de\/#\/schema\/logo\/image\/"},"sameAs":["https:\/\/www.facebook.com\/fcssystem","https:\/\/www.youtube.com\/user\/FCSSYSTEM","https:\/\/www.linkedin.com\/company\/fcs-system\/"]}]}},"_links":{"self":[{"href":"https:\/\/fcssystem.com\/de\/wp-json\/wp\/v2\/pages\/6578","targetHints":{"allow":["GET"]}}],"collection":[{"href":"https:\/\/fcssystem.com\/de\/wp-json\/wp\/v2\/pages"}],"about":[{"href":"https:\/\/fcssystem.com\/de\/wp-json\/wp\/v2\/types\/page"}],"author":[{"embeddable":true,"href":"https:\/\/fcssystem.com\/de\/wp-json\/wp\/v2\/users\/1"}],"replies":[{"embeddable":true,"href":"https:\/\/fcssystem.com\/de\/wp-json\/wp\/v2\/comments?post=6578"}],"version-history":[{"count":4,"href":"https:\/\/fcssystem.com\/de\/wp-json\/wp\/v2\/pages\/6578\/revisions"}],"predecessor-version":[{"id":7270,"href":"https:\/\/fcssystem.com\/de\/wp-json\/wp\/v2\/pages\/6578\/revisions\/7270"}],"wp:attachment":[{"href":"https:\/\/fcssystem.com\/de\/wp-json\/wp\/v2\/media?parent=6578"}],"curies":[{"name":"wp","href":"https:\/\/api.w.org\/{rel}","templated":true}]}}