{"id":6550,"date":"2025-01-29T11:53:41","date_gmt":"2025-01-29T10:53:41","guid":{"rendered":"https:\/\/fcssystem.com\/fallstudien\/"},"modified":"2026-04-07T16:39:04","modified_gmt":"2026-04-07T14:39:04","slug":"fallstudien","status":"publish","type":"page","link":"https:\/\/fcssystem.com\/de\/fallstudien\/","title":{"rendered":"Fallstudien"},"content":{"rendered":"\t\t<div data-elementor-type=\"wp-page\" data-elementor-id=\"6550\" class=\"elementor elementor-6550 elementor-264\" data-elementor-post-type=\"page\">\n\t\t\t\t<div class=\"elementor-element elementor-element-e0a7891 e-con-full e-flex elementor-invisible e-con e-parent\" data-id=\"e0a7891\" data-element_type=\"container\" data-settings=\"{&quot;background_background&quot;:&quot;slideshow&quot;,&quot;background_slideshow_gallery&quot;:[{&quot;id&quot;:5807,&quot;url&quot;:&quot;https:\\\/\\\/fcssystem.com\\\/wp-content\\\/uploads\\\/2025\\\/07\\\/case_studies.jpg&quot;}],&quot;animation&quot;:&quot;fadeIn&quot;,&quot;background_slideshow_loop&quot;:&quot;yes&quot;,&quot;background_slideshow_slide_duration&quot;:5000,&quot;background_slideshow_slide_transition&quot;:&quot;fade&quot;,&quot;background_slideshow_transition_duration&quot;:500}\">\n\t\t\t\t<div class=\"elementor-element elementor-element-d61d4ce elementor-widget__width-inherit elementor-absolute header-title elementor-invisible elementor-widget elementor-widget-heading\" data-id=\"d61d4ce\" data-element_type=\"widget\" data-settings=\"{&quot;_position&quot;:&quot;absolute&quot;,&quot;_animation&quot;:&quot;fadeIn&quot;}\" data-widget_type=\"heading.default\">\n\t\t\t\t<div class=\"elementor-widget-container\">\n\t\t\t\t\t<h3 class=\"elementor-heading-title elementor-size-default\">Fallstudien<\/h3>\t\t\t\t<\/div>\n\t\t\t\t<\/div>\n\t\t\t\t<\/div>\n\t\t<div class=\"elementor-element elementor-element-8d89811 e-flex e-con-boxed e-con e-parent\" data-id=\"8d89811\" data-element_type=\"container\">\n\t\t\t\t\t<div class=\"e-con-inner\">\n\t\t<div class=\"elementor-element elementor-element-33c4302 e-grid e-con-full elementor-invisible e-con e-child\" data-id=\"33c4302\" data-element_type=\"container\" data-settings=\"{&quot;animation&quot;:&quot;fadeIn&quot;}\">\n\t\t\t\t<div class=\"elementor-element elementor-element-53cbeb5 elementor-hidden-mobile elementor-hidden-tablet elementor-widget elementor-widget-spacer\" data-id=\"53cbeb5\" data-element_type=\"widget\" data-widget_type=\"spacer.default\">\n\t\t\t\t<div class=\"elementor-widget-container\">\n\t\t\t\t\t\t\t<div class=\"elementor-spacer\">\n\t\t\t<div class=\"elementor-spacer-inner\"><\/div>\n\t\t<\/div>\n\t\t\t\t\t\t<\/div>\n\t\t\t\t<\/div>\n\t\t\t\t<div class=\"elementor-element elementor-element-4880dda elementor-widget elementor-widget-text-editor\" data-id=\"4880dda\" data-element_type=\"widget\" data-widget_type=\"text-editor.default\">\n\t\t\t\t<div class=\"elementor-widget-container\">\n\t\t\t\t\t\t\t\t\t<p>Wir arbeiten derzeit an einer Auswahl von Fallstudien, die zeigen, wie wir echte Herausforderungen f\u00fcr unsere Kunden l\u00f6sen. Bleiben Sie dran! Wir werden bald mehr ver\u00f6ffentlichen.  <\/p>\t\t\t\t\t\t\t\t<\/div>\n\t\t\t\t<\/div>\n\t\t\t\t<\/div>\n\t\t\t\t<div class=\"elementor-element elementor-element-7d0d6a1 elementor-grid-3 elementor-grid-tablet-2 elementor-grid-mobile-1 elementor-invisible elementor-widget elementor-widget-portfolio\" data-id=\"7d0d6a1\" data-element_type=\"widget\" data-settings=\"{&quot;item_ratio&quot;:{&quot;unit&quot;:&quot;px&quot;,&quot;size&quot;:1,&quot;sizes&quot;:[]},&quot;_animation&quot;:&quot;fadeIn&quot;,&quot;row_gap&quot;:{&quot;unit&quot;:&quot;px&quot;,&quot;size&quot;:24,&quot;sizes&quot;:[]},&quot;columns&quot;:&quot;3&quot;,&quot;columns_tablet&quot;:&quot;2&quot;,&quot;columns_mobile&quot;:&quot;1&quot;,&quot;item_gap&quot;:{&quot;unit&quot;:&quot;px&quot;,&quot;size&quot;:&quot;&quot;,&quot;sizes&quot;:[]}}\" data-widget_type=\"portfolio.default\">\n\t\t\t\t<div class=\"elementor-widget-container\">\n\t\t\t\t\t\t\t<ul class=\"elementor-portfolio__filters\">\n\t\t\t<li class=\"elementor-portfolio__filter elementor-active\" tabindex=\"0\" data-filter=\"__all\">Alle<\/li>\n\t\t\t\t\t\t\t<li class=\"elementor-portfolio__filter\" tabindex=\"0\" data-filter=\"34\">General mechanics<\/li>\n\t\t\t\t\t\t\t<li class=\"elementor-portfolio__filter\" tabindex=\"0\" data-filter=\"30\">Luft- und raumfahrt<\/li>\n\t\t\t\t\t\t\t<li class=\"elementor-portfolio__filter\" tabindex=\"0\" data-filter=\"31\">Werkzeugbau<\/li>\n\t\t\t\t\t<\/ul>\n\t\t\t\t<div class=\"elementor-portfolio elementor-grid elementor-posts-container\" role=\"list\">\n\t\t\t\t<article class=\"elementor-portfolio-item elementor-post elementor-filter-34 post-8215 case_study type-case_study status-publish has-post-thumbnail hentry case_study_category-general-mechanics\" role=\"listitem\">\n\t\t\t<a class=\"elementor-post__thumbnail__link\" href=\"https:\/\/fcssystem.com\/de\/case-study\/maschinenbau-01\/\">\n\t\t\t\t<div class=\"elementor-portfolio-item__img elementor-post__thumbnail\">\n\t\t\t<img fetchpriority=\"high\" decoding=\"async\" width=\"1080\" height=\"1080\" src=\"https:\/\/fcssystem.com\/wp-content\/uploads\/2026\/04\/01_General_Mechanics_BG.png\" class=\"attachment-full size-full wp-image-8149\" alt=\"\" srcset=\"https:\/\/fcssystem.com\/wp-content\/uploads\/2026\/04\/01_General_Mechanics_BG.png 1080w, https:\/\/fcssystem.com\/wp-content\/uploads\/2026\/04\/01_General_Mechanics_BG-300x300.png 300w, https:\/\/fcssystem.com\/wp-content\/uploads\/2026\/04\/01_General_Mechanics_BG-1024x1024.png 1024w, https:\/\/fcssystem.com\/wp-content\/uploads\/2026\/04\/01_General_Mechanics_BG-150x150.png 150w, https:\/\/fcssystem.com\/wp-content\/uploads\/2026\/04\/01_General_Mechanics_BG-768x768.png 768w\" sizes=\"(max-width: 1080px) 100vw, 1080px\" \/>\t\t<\/div>\n\t\t\t\t<div class=\"elementor-portfolio-item__overlay\">\n\t\t\t\t<h4 class=\"elementor-portfolio-item__title\">\n\t\tMaschinenbau 01\t\t<\/h4>\n\t\t\t\t<\/div>\n\t\t\t\t<\/a>\n\t\t<\/article>\n\t\t\t\t<article class=\"elementor-portfolio-item elementor-post elementor-filter-31 post-7948 case_study type-case_study status-publish has-post-thumbnail hentry case_study_category-werkzeugbau\" role=\"listitem\">\n\t\t\t<a class=\"elementor-post__thumbnail__link\" href=\"https:\/\/fcssystem.com\/de\/case-study\/werkzeugbau-01\/\">\n\t\t\t\t<div class=\"elementor-portfolio-item__img elementor-post__thumbnail\">\n\t\t\t<img decoding=\"async\" width=\"2560\" height=\"1396\" src=\"https:\/\/fcssystem.com\/wp-content\/uploads\/2025\/10\/RENDER_ToolMaking01_FinishedPart.jpg\" class=\"attachment-full size-full wp-image-7439\" alt=\"\" srcset=\"https:\/\/fcssystem.com\/wp-content\/uploads\/2025\/10\/RENDER_ToolMaking01_FinishedPart.jpg 2560w, https:\/\/fcssystem.com\/wp-content\/uploads\/2025\/10\/RENDER_ToolMaking01_FinishedPart-300x164.jpg 300w, https:\/\/fcssystem.com\/wp-content\/uploads\/2025\/10\/RENDER_ToolMaking01_FinishedPart-1024x558.jpg 1024w, https:\/\/fcssystem.com\/wp-content\/uploads\/2025\/10\/RENDER_ToolMaking01_FinishedPart-768x419.jpg 768w, https:\/\/fcssystem.com\/wp-content\/uploads\/2025\/10\/RENDER_ToolMaking01_FinishedPart-1536x838.jpg 1536w, https:\/\/fcssystem.com\/wp-content\/uploads\/2025\/10\/RENDER_ToolMaking01_FinishedPart-2048x1117.jpg 2048w\" sizes=\"(max-width: 2560px) 100vw, 2560px\" \/>\t\t<\/div>\n\t\t\t\t<div class=\"elementor-portfolio-item__overlay\">\n\t\t\t\t<h4 class=\"elementor-portfolio-item__title\">\n\t\tWerkzeugbau 01\t\t<\/h4>\n\t\t\t\t<\/div>\n\t\t\t\t<\/a>\n\t\t<\/article>\n\t\t\t\t<article class=\"elementor-portfolio-item elementor-post elementor-filter-30 post-7941 case_study type-case_study status-publish has-post-thumbnail hentry case_study_category-luft-und-raumfahrt\" role=\"listitem\">\n\t\t\t<a class=\"elementor-post__thumbnail__link\" href=\"https:\/\/fcssystem.com\/de\/case-study\/aerospace-01\/\">\n\t\t\t\t<div class=\"elementor-portfolio-item__img elementor-post__thumbnail\">\n\t\t\t<img decoding=\"async\" width=\"1080\" height=\"1080\" src=\"https:\/\/fcssystem.com\/wp-content\/uploads\/2025\/04\/Aerospace01_BG.png\" class=\"attachment-full size-full wp-image-7011\" alt=\"\" srcset=\"https:\/\/fcssystem.com\/wp-content\/uploads\/2025\/04\/Aerospace01_BG.png 1080w, https:\/\/fcssystem.com\/wp-content\/uploads\/2025\/04\/Aerospace01_BG-300x300.png 300w, https:\/\/fcssystem.com\/wp-content\/uploads\/2025\/04\/Aerospace01_BG-1024x1024.png 1024w, https:\/\/fcssystem.com\/wp-content\/uploads\/2025\/04\/Aerospace01_BG-150x150.png 150w, https:\/\/fcssystem.com\/wp-content\/uploads\/2025\/04\/Aerospace01_BG-768x768.png 768w\" sizes=\"(max-width: 1080px) 100vw, 1080px\" \/>\t\t<\/div>\n\t\t\t\t<div class=\"elementor-portfolio-item__overlay\">\n\t\t\t\t<h4 class=\"elementor-portfolio-item__title\">\n\t\tAerospace 01\t\t<\/h4>\n\t\t\t\t<\/div>\n\t\t\t\t<\/a>\n\t\t<\/article>\n\t\t\t\t<\/div>\n\t\t\t\t\t\t<\/div>\n\t\t\t\t<\/div>\n\t\t\t\t<div class=\"elementor-element elementor-element-5b08e0b elementor-widget elementor-widget-text-editor\" data-id=\"5b08e0b\" data-element_type=\"widget\" data-widget_type=\"text-editor.default\">\n\t\t\t\t<div class=\"elementor-widget-container\">\n\t\t\t\t\t\t\t\t\t<p>Bei den Fallstudien handelt es sich um Prozessl\u00f6sungen, bei denen wir ausgehend von den Kundenanforderungen einen umfassenden Beratungsservice anbieten, der Folgendes umfasst:<\/p><p>Spannkonfigurationen sowie Empfehlungen zu zus\u00e4tzlichen Materialzugaben f\u00fcr jede Fertigungsstufe<br>Entlastungstechniken und Strategien zur Ausrichtung der Werkst\u00fccke<br>Fernhilfe und Unterst\u00fctzung vor Ort<\/p><p>In der Regel teilt der Kunde nach Unterzeichnung der NDA mit uns:<\/p><p>3D-Modell des Werkst\u00fccks<br>2D-Zeichnung des Werkst\u00fccks<br>Aktueller Produktionsprozess (falls verf\u00fcgbar)<\/p>\t\t\t\t\t\t\t\t<\/div>\n\t\t\t\t<\/div>\n\t\t\t\t\t<\/div>\n\t\t\t\t<\/div>\n\t\t<div class=\"elementor-element elementor-element-c284e4c e-grid e-con-boxed elementor-invisible e-con e-parent\" data-id=\"c284e4c\" data-element_type=\"container\" data-settings=\"{&quot;animation&quot;:&quot;fadeIn&quot;}\">\n\t\t\t\t\t<div class=\"e-con-inner\">\n\t\t\t\t<div class=\"elementor-element elementor-element-9f1aa62 elementor-widget elementor-widget-spacer\" data-id=\"9f1aa62\" data-element_type=\"widget\" data-widget_type=\"spacer.default\">\n\t\t\t\t<div class=\"elementor-widget-container\">\n\t\t\t\t\t\t\t<div class=\"elementor-spacer\">\n\t\t\t<div class=\"elementor-spacer-inner\"><\/div>\n\t\t<\/div>\n\t\t\t\t\t\t<\/div>\n\t\t\t\t<\/div>\n\t\t\t\t<div class=\"elementor-element elementor-element-101fb09 elementor--h-position-center elementor--v-position-middle elementor-arrows-position-inside elementor-pagination-position-inside elementor-widget elementor-widget-slides\" data-id=\"101fb09\" data-element_type=\"widget\" data-settings=\"{&quot;navigation&quot;:&quot;both&quot;,&quot;autoplay&quot;:&quot;yes&quot;,&quot;pause_on_hover&quot;:&quot;yes&quot;,&quot;pause_on_interaction&quot;:&quot;yes&quot;,&quot;autoplay_speed&quot;:5000,&quot;infinite&quot;:&quot;yes&quot;,&quot;transition&quot;:&quot;slide&quot;,&quot;transition_speed&quot;:500}\" data-widget_type=\"slides.default\">\n\t\t\t\t<div class=\"elementor-widget-container\">\n\t\t\t\t\t\t\t\t\t<div class=\"elementor-swiper\">\n\t\t\t\t\t<div class=\"elementor-slides-wrapper elementor-main-swiper swiper\" role=\"region\" aria-roledescription=\"carousel\" aria-label=\"Slides\" dir=\"ltr\" data-animation=\"fadeInUp\">\n\t\t\t\t<div class=\"swiper-wrapper elementor-slides\">\n\t\t\t\t\t\t\t\t\t\t<div class=\"elementor-repeater-item-f7412a3 swiper-slide\" role=\"group\" aria-roledescription=\"slide\"><div class=\"swiper-slide-bg\" role=\"img\" aria-label=\"Aerospace01\"><\/div><div class=\"swiper-slide-inner\" ><div class=\"swiper-slide-contents\"><\/div><\/div><\/div><div class=\"elementor-repeater-item-0495a86 swiper-slide\" role=\"group\" aria-roledescription=\"slide\"><div class=\"swiper-slide-bg\" role=\"img\" aria-label=\"General_Mec01\"><\/div><div class=\"swiper-slide-inner\" ><div class=\"swiper-slide-contents\"><\/div><\/div><\/div><div class=\"elementor-repeater-item-e79be73 swiper-slide\" role=\"group\" aria-roledescription=\"slide\"><div class=\"swiper-slide-bg\" role=\"img\" aria-label=\"Aerospace02\"><\/div><div class=\"swiper-slide-inner\" ><div class=\"swiper-slide-contents\"><\/div><\/div><\/div><div class=\"elementor-repeater-item-0712f31 swiper-slide\" role=\"group\" aria-roledescription=\"slide\"><div class=\"swiper-slide-bg\" role=\"img\" aria-label=\"Aerospace04\"><\/div><div class=\"swiper-slide-inner\" ><div class=\"swiper-slide-contents\"><\/div><\/div><\/div><div class=\"elementor-repeater-item-12c22c1 swiper-slide\" role=\"group\" aria-roledescription=\"slide\"><div class=\"swiper-slide-bg\" role=\"img\" aria-label=\"Aerospace06\"><\/div><div class=\"swiper-slide-inner\" ><div class=\"swiper-slide-contents\"><\/div><\/div><\/div><div class=\"elementor-repeater-item-70da029 swiper-slide\" role=\"group\" aria-roledescription=\"slide\"><div class=\"swiper-slide-bg\" role=\"img\" aria-label=\"ToolMaking06\"><\/div><div class=\"swiper-slide-inner\" ><div class=\"swiper-slide-contents\"><\/div><\/div><\/div><div class=\"elementor-repeater-item-1b9eaea swiper-slide\" role=\"group\" aria-roledescription=\"slide\"><div class=\"swiper-slide-bg\" role=\"img\" aria-label=\"Aerospace03\"><\/div><div class=\"swiper-slide-inner\" ><div class=\"swiper-slide-contents\"><\/div><\/div><\/div><div class=\"elementor-repeater-item-77a61cc swiper-slide\" role=\"group\" aria-roledescription=\"slide\"><div class=\"swiper-slide-bg\" role=\"img\" aria-label=\"Aerospace05\"><\/div><div class=\"swiper-slide-inner\" ><div class=\"swiper-slide-contents\"><\/div><\/div><\/div><div class=\"elementor-repeater-item-3cca002 swiper-slide\" role=\"group\" aria-roledescription=\"slide\"><div class=\"swiper-slide-bg\" role=\"img\" aria-label=\"ToolMaking04\"><\/div><div class=\"swiper-slide-inner\" ><div class=\"swiper-slide-contents\"><\/div><\/div><\/div><div class=\"elementor-repeater-item-6b3de3e swiper-slide\" role=\"group\" aria-roledescription=\"slide\"><div class=\"swiper-slide-bg\" role=\"img\" aria-label=\"Aerospace07\"><\/div><div class=\"swiper-slide-inner\" ><div class=\"swiper-slide-contents\"><\/div><\/div><\/div><div class=\"elementor-repeater-item-8c8d492 swiper-slide\" role=\"group\" aria-roledescription=\"slide\"><div class=\"swiper-slide-bg\" role=\"img\" aria-label=\"Aerospace08\"><\/div><div class=\"swiper-slide-inner\" ><div class=\"swiper-slide-contents\"><\/div><\/div><\/div><div class=\"elementor-repeater-item-6a87f83 swiper-slide\" role=\"group\" aria-roledescription=\"slide\"><div class=\"swiper-slide-bg\" role=\"img\" aria-label=\"ToolMaking02\"><\/div><div class=\"swiper-slide-inner\" ><div class=\"swiper-slide-contents\"><\/div><\/div><\/div><div class=\"elementor-repeater-item-0c749ee swiper-slide\" role=\"group\" aria-roledescription=\"slide\"><div class=\"swiper-slide-bg\" role=\"img\" aria-label=\"ToolMaking03\"><\/div><div class=\"swiper-slide-inner\" ><div class=\"swiper-slide-contents\"><\/div><\/div><\/div><div class=\"elementor-repeater-item-588d629 swiper-slide\" role=\"group\" aria-roledescription=\"slide\"><div class=\"swiper-slide-bg\" role=\"img\" aria-label=\"ToolMaking05\"><\/div><div class=\"swiper-slide-inner\" ><div class=\"swiper-slide-contents\"><\/div><\/div><\/div>\t\t\t\t<\/div>\n\t\t\t\t\t\t\t\t\t\t\t\t\t\t\t<div class=\"elementor-swiper-button elementor-swiper-button-prev\" role=\"button\" tabindex=\"0\" aria-label=\"Vorheriger Slide\">\n\t\t\t\t\t\t\t<svg aria-hidden=\"true\" class=\"e-font-icon-svg e-eicon-chevron-left\" viewBox=\"0 0 1000 1000\" xmlns=\"http:\/\/www.w3.org\/2000\/svg\"><path d=\"M646 125C629 125 613 133 604 142L308 442C296 454 292 471 292 487 292 504 296 521 308 533L604 854C617 867 629 875 646 875 663 875 679 871 692 858 704 846 713 829 713 812 713 796 708 779 692 767L438 487 692 225C700 217 708 204 708 187 708 171 704 154 692 142 675 129 663 125 646 125Z\"><\/path><\/svg>\t\t\t\t\t\t<\/div>\n\t\t\t\t\t\t<div class=\"elementor-swiper-button elementor-swiper-button-next\" role=\"button\" tabindex=\"0\" aria-label=\"N\u00e4chster Slide\">\n\t\t\t\t\t\t\t<svg aria-hidden=\"true\" class=\"e-font-icon-svg e-eicon-chevron-right\" viewBox=\"0 0 1000 1000\" xmlns=\"http:\/\/www.w3.org\/2000\/svg\"><path d=\"M696 533C708 521 713 504 713 487 713 471 708 454 696 446L400 146C388 133 375 125 354 125 338 125 325 129 313 142 300 154 292 171 292 187 292 204 296 221 308 233L563 492 304 771C292 783 288 800 288 817 288 833 296 850 308 863 321 871 338 875 354 875 371 875 388 867 400 854L696 533Z\"><\/path><\/svg>\t\t\t\t\t\t<\/div>\n\t\t\t\t\t\t\t\t\t\t\t\t\t\t\t\t<div class=\"swiper-pagination\"><\/div>\n\t\t\t\t\t\t\t\t\t\t\t\t<\/div>\n\t\t\t\t<\/div>\n\t\t\t\t\t\t\t\t<\/div>\n\t\t\t\t<\/div>\n\t\t\t\t\t<\/div>\n\t\t\t\t<\/div>\n\t\t\t\t<\/div>\n\t\t","protected":false},"excerpt":{"rendered":"<p>Fallstudien Wir arbeiten derzeit an einer Auswahl von Fallstudien, die zeigen, wie wir echte Herausforderungen f\u00fcr unsere Kunden l\u00f6sen. Bleiben Sie dran! Wir werden bald mehr ver\u00f6ffentlichen. Bei den Fallstudien handelt es sich um Prozessl\u00f6sungen, bei denen wir ausgehend von den Kundenanforderungen einen umfassenden Beratungsservice anbieten, der Folgendes umfasst: Spannkonfigurationen sowie Empfehlungen zu zus\u00e4tzlichen Materialzugaben [&hellip;]<\/p>\n","protected":false},"author":1,"featured_media":0,"parent":0,"menu_order":0,"comment_status":"closed","ping_status":"closed","template":"","meta":{"footnotes":""},"class_list":["post-6550","page","type-page","status-publish","hentry"],"yoast_head":"<!-- This site is optimized with the Yoast SEO plugin v27.3 - https:\/\/yoast.com\/product\/yoast-seo-wordpress\/ -->\n<title>FCS-System \u2013 L\u00f6sungen f\u00fcr Spannprobleme in verschiedenen Branchen<\/title>\n<meta name=\"description\" content=\"Verbessern Sie die Bearbeitung und entdecken Sie, wie das FCS-System Herstellern dabei hilft, kritische Spannprobleme in allen Branchen zu \u00fcberwinden.\" \/>\n<meta name=\"robots\" content=\"index, follow, max-snippet:-1, max-image-preview:large, max-video-preview:-1\" \/>\n<link rel=\"canonical\" href=\"https:\/\/fcssystem.com\/de\/fallstudien\/\" \/>\n<meta property=\"og:locale\" content=\"de_DE\" \/>\n<meta property=\"og:type\" content=\"article\" \/>\n<meta property=\"og:title\" content=\"FCS-System \u2013 L\u00f6sungen f\u00fcr Spannprobleme in verschiedenen Branchen\" \/>\n<meta property=\"og:description\" content=\"Verbessern Sie die Bearbeitung und entdecken Sie, wie das FCS-System Herstellern dabei hilft, kritische Spannprobleme in allen Branchen zu \u00fcberwinden.\" \/>\n<meta property=\"og:url\" content=\"https:\/\/fcssystem.com\/de\/fallstudien\/\" \/>\n<meta property=\"og:site_name\" content=\"FCS System\" \/>\n<meta property=\"article:publisher\" content=\"https:\/\/www.facebook.com\/fcssystem\" \/>\n<meta property=\"article:modified_time\" content=\"2026-04-07T14:39:04+00:00\" \/>\n<meta property=\"og:image\" content=\"https:\/\/fcssystem.com\/wp-content\/uploads\/2025\/05\/Adjustable.jpg\" \/>\n\t<meta property=\"og:image:width\" content=\"1141\" \/>\n\t<meta property=\"og:image:height\" content=\"700\" \/>\n\t<meta property=\"og:image:type\" content=\"image\/jpeg\" \/>\n<meta name=\"twitter:card\" content=\"summary_large_image\" \/>\n<script type=\"application\/ld+json\" class=\"yoast-schema-graph\">{\"@context\":\"https:\\\/\\\/schema.org\",\"@graph\":[{\"@type\":\"WebPage\",\"@id\":\"https:\\\/\\\/fcssystem.com\\\/de\\\/fallstudien\\\/\",\"url\":\"https:\\\/\\\/fcssystem.com\\\/de\\\/fallstudien\\\/\",\"name\":\"FCS-System \u2013 L\u00f6sungen f\u00fcr Spannprobleme in verschiedenen Branchen\",\"isPartOf\":{\"@id\":\"https:\\\/\\\/fcssystem.com\\\/de\\\/#website\"},\"datePublished\":\"2025-01-29T10:53:41+00:00\",\"dateModified\":\"2026-04-07T14:39:04+00:00\",\"description\":\"Verbessern Sie die Bearbeitung und entdecken Sie, wie das FCS-System Herstellern dabei hilft, kritische Spannprobleme in allen Branchen zu \u00fcberwinden.\",\"breadcrumb\":{\"@id\":\"https:\\\/\\\/fcssystem.com\\\/de\\\/fallstudien\\\/#breadcrumb\"},\"inLanguage\":\"de\",\"potentialAction\":[{\"@type\":\"ReadAction\",\"target\":[\"https:\\\/\\\/fcssystem.com\\\/de\\\/fallstudien\\\/\"]}]},{\"@type\":\"BreadcrumbList\",\"@id\":\"https:\\\/\\\/fcssystem.com\\\/de\\\/fallstudien\\\/#breadcrumb\",\"itemListElement\":[{\"@type\":\"ListItem\",\"position\":1,\"name\":\"Home\",\"item\":\"https:\\\/\\\/fcssystem.com\\\/de\\\/home-2\\\/\"},{\"@type\":\"ListItem\",\"position\":2,\"name\":\"Fallstudien\"}]},{\"@type\":\"WebSite\",\"@id\":\"https:\\\/\\\/fcssystem.com\\\/de\\\/#website\",\"url\":\"https:\\\/\\\/fcssystem.com\\\/de\\\/\",\"name\":\"FCS System\",\"description\":\"\",\"publisher\":{\"@id\":\"https:\\\/\\\/fcssystem.com\\\/de\\\/#organization\"},\"alternateName\":\"Flexible Clamping Solutions\",\"potentialAction\":[{\"@type\":\"SearchAction\",\"target\":{\"@type\":\"EntryPoint\",\"urlTemplate\":\"https:\\\/\\\/fcssystem.com\\\/de\\\/?s={search_term_string}\"},\"query-input\":{\"@type\":\"PropertyValueSpecification\",\"valueRequired\":true,\"valueName\":\"search_term_string\"}}],\"inLanguage\":\"de\"},{\"@type\":\"Organization\",\"@id\":\"https:\\\/\\\/fcssystem.com\\\/de\\\/#organization\",\"name\":\"FCS System\",\"url\":\"https:\\\/\\\/fcssystem.com\\\/de\\\/\",\"logo\":{\"@type\":\"ImageObject\",\"inLanguage\":\"de\",\"@id\":\"https:\\\/\\\/fcssystem.com\\\/de\\\/#\\\/schema\\\/logo\\\/image\\\/\",\"url\":\"https:\\\/\\\/fcssystem.com\\\/wp-content\\\/uploads\\\/2025\\\/01\\\/fcssystem-logo.png\",\"contentUrl\":\"https:\\\/\\\/fcssystem.com\\\/wp-content\\\/uploads\\\/2025\\\/01\\\/fcssystem-logo.png\",\"width\":190,\"height\":83,\"caption\":\"FCS System\"},\"image\":{\"@id\":\"https:\\\/\\\/fcssystem.com\\\/de\\\/#\\\/schema\\\/logo\\\/image\\\/\"},\"sameAs\":[\"https:\\\/\\\/www.facebook.com\\\/fcssystem\",\"https:\\\/\\\/www.youtube.com\\\/user\\\/FCSSYSTEM\",\"https:\\\/\\\/www.linkedin.com\\\/company\\\/fcs-system\\\/\"]}]}<\/script>\n<!-- \/ Yoast SEO plugin. -->","yoast_head_json":{"title":"FCS-System \u2013 L\u00f6sungen f\u00fcr Spannprobleme in verschiedenen Branchen","description":"Verbessern Sie die Bearbeitung und entdecken Sie, wie das FCS-System Herstellern dabei hilft, kritische Spannprobleme in allen Branchen zu \u00fcberwinden.","robots":{"index":"index","follow":"follow","max-snippet":"max-snippet:-1","max-image-preview":"max-image-preview:large","max-video-preview":"max-video-preview:-1"},"canonical":"https:\/\/fcssystem.com\/de\/fallstudien\/","og_locale":"de_DE","og_type":"article","og_title":"FCS-System \u2013 L\u00f6sungen f\u00fcr Spannprobleme in verschiedenen Branchen","og_description":"Verbessern Sie die Bearbeitung und entdecken Sie, wie das FCS-System Herstellern dabei hilft, kritische Spannprobleme in allen Branchen zu \u00fcberwinden.","og_url":"https:\/\/fcssystem.com\/de\/fallstudien\/","og_site_name":"FCS System","article_publisher":"https:\/\/www.facebook.com\/fcssystem","article_modified_time":"2026-04-07T14:39:04+00:00","og_image":[{"width":1141,"height":700,"url":"https:\/\/fcssystem.com\/wp-content\/uploads\/2025\/05\/Adjustable.jpg","type":"image\/jpeg"}],"twitter_card":"summary_large_image","schema":{"@context":"https:\/\/schema.org","@graph":[{"@type":"WebPage","@id":"https:\/\/fcssystem.com\/de\/fallstudien\/","url":"https:\/\/fcssystem.com\/de\/fallstudien\/","name":"FCS-System \u2013 L\u00f6sungen f\u00fcr Spannprobleme in verschiedenen Branchen","isPartOf":{"@id":"https:\/\/fcssystem.com\/de\/#website"},"datePublished":"2025-01-29T10:53:41+00:00","dateModified":"2026-04-07T14:39:04+00:00","description":"Verbessern Sie die Bearbeitung und entdecken Sie, wie das FCS-System Herstellern dabei hilft, kritische Spannprobleme in allen Branchen zu \u00fcberwinden.","breadcrumb":{"@id":"https:\/\/fcssystem.com\/de\/fallstudien\/#breadcrumb"},"inLanguage":"de","potentialAction":[{"@type":"ReadAction","target":["https:\/\/fcssystem.com\/de\/fallstudien\/"]}]},{"@type":"BreadcrumbList","@id":"https:\/\/fcssystem.com\/de\/fallstudien\/#breadcrumb","itemListElement":[{"@type":"ListItem","position":1,"name":"Home","item":"https:\/\/fcssystem.com\/de\/home-2\/"},{"@type":"ListItem","position":2,"name":"Fallstudien"}]},{"@type":"WebSite","@id":"https:\/\/fcssystem.com\/de\/#website","url":"https:\/\/fcssystem.com\/de\/","name":"FCS System","description":"","publisher":{"@id":"https:\/\/fcssystem.com\/de\/#organization"},"alternateName":"Flexible Clamping Solutions","potentialAction":[{"@type":"SearchAction","target":{"@type":"EntryPoint","urlTemplate":"https:\/\/fcssystem.com\/de\/?s={search_term_string}"},"query-input":{"@type":"PropertyValueSpecification","valueRequired":true,"valueName":"search_term_string"}}],"inLanguage":"de"},{"@type":"Organization","@id":"https:\/\/fcssystem.com\/de\/#organization","name":"FCS System","url":"https:\/\/fcssystem.com\/de\/","logo":{"@type":"ImageObject","inLanguage":"de","@id":"https:\/\/fcssystem.com\/de\/#\/schema\/logo\/image\/","url":"https:\/\/fcssystem.com\/wp-content\/uploads\/2025\/01\/fcssystem-logo.png","contentUrl":"https:\/\/fcssystem.com\/wp-content\/uploads\/2025\/01\/fcssystem-logo.png","width":190,"height":83,"caption":"FCS System"},"image":{"@id":"https:\/\/fcssystem.com\/de\/#\/schema\/logo\/image\/"},"sameAs":["https:\/\/www.facebook.com\/fcssystem","https:\/\/www.youtube.com\/user\/FCSSYSTEM","https:\/\/www.linkedin.com\/company\/fcs-system\/"]}]}},"_links":{"self":[{"href":"https:\/\/fcssystem.com\/de\/wp-json\/wp\/v2\/pages\/6550","targetHints":{"allow":["GET"]}}],"collection":[{"href":"https:\/\/fcssystem.com\/de\/wp-json\/wp\/v2\/pages"}],"about":[{"href":"https:\/\/fcssystem.com\/de\/wp-json\/wp\/v2\/types\/page"}],"author":[{"embeddable":true,"href":"https:\/\/fcssystem.com\/de\/wp-json\/wp\/v2\/users\/1"}],"replies":[{"embeddable":true,"href":"https:\/\/fcssystem.com\/de\/wp-json\/wp\/v2\/comments?post=6550"}],"version-history":[{"count":7,"href":"https:\/\/fcssystem.com\/de\/wp-json\/wp\/v2\/pages\/6550\/revisions"}],"predecessor-version":[{"id":8207,"href":"https:\/\/fcssystem.com\/de\/wp-json\/wp\/v2\/pages\/6550\/revisions\/8207"}],"wp:attachment":[{"href":"https:\/\/fcssystem.com\/de\/wp-json\/wp\/v2\/media?parent=6550"}],"curies":[{"name":"wp","href":"https:\/\/api.w.org\/{rel}","templated":true}]}}